{"id":2,"date":"2024-10-07T22:34:17","date_gmt":"2024-10-07T22:34:17","guid":{"rendered":"http:\/\/164.152.48.16\/?page_id=2"},"modified":"2024-10-30T09:02:30","modified_gmt":"2024-10-30T12:02:30","slug":"sobre","status":"publish","type":"page","link":"https:\/\/paulasilvaterapia.com.br\/index.php\/sobre\/","title":{"rendered":"Minhas Qualifica\u00e7\u00f5es"},"content":{"rendered":"\n<figure class=\"wp-block-image aligncenter size-large is-style-sky-enterprise-boxshadow\"><img loading=\"lazy\" decoding=\"async\" width=\"1024\" height=\"576\" src=\"https:\/\/paulasilvaterapia.com.br\/wp-content\/uploads\/2024\/10\/drapaulasilva-hero-2-1024x576.jpg\" alt=\"\" class=\"wp-image-429\" style=\"aspect-ratio:16\/9;object-fit:cover\" srcset=\"https:\/\/paulasilvaterapia.com.br\/wp-content\/uploads\/2024\/10\/drapaulasilva-hero-2-1024x576.jpg 1024w, https:\/\/paulasilvaterapia.com.br\/wp-content\/uploads\/2024\/10\/drapaulasilva-hero-2-300x169.jpg 300w, https:\/\/paulasilvaterapia.com.br\/wp-content\/uploads\/2024\/10\/drapaulasilva-hero-2-768x432.jpg 768w, https:\/\/paulasilvaterapia.com.br\/wp-content\/uploads\/2024\/10\/drapaulasilva-hero-2-1536x864.jpg 1536w, https:\/\/paulasilvaterapia.com.br\/wp-content\/uploads\/2024\/10\/drapaulasilva-hero-2-2048x1152.jpg 2048w\" sizes=\"(max-width: 1024px) 100vw, 1024px\" \/><\/figure>\n\n\n\n<div class=\"wp-block-columns is-layout-flex wp-container-core-columns-is-layout-1 wp-block-columns-is-layout-flex\">\n<div class=\"wp-block-column is-layout-flow wp-block-column-is-layout-flow\">\n<p class=\"has-text-align-center has-xx-large-font-size\">Uma vida dedicada \u00e0 cura interior<\/p>\n<\/div>\n<\/div>\n\n\n\n<p>A obsess\u00e3o da Dr.\u00aa Paula Silva por uma vida de sa\u00fade e equil\u00edbrio \u2014 entre corpo, mente e esp\u00edrito \u2014 remonta h\u00e1 muitas d\u00e9cadas, tendo sido fruto de uma trajet\u00f3ria marcada por dedica\u00e7\u00e3o ao estudo, \u00e0 ci\u00eancia e \u00e0 f\u00e9. Formada doutora pela Faculdade de Medicina da Universidade de S\u00e3o Paulo (USP), com especializa\u00e7\u00e3o em biomedicina e aprofundamento na \u00e1rea de patologia e preven\u00e7\u00e3o ao c\u00e2ncer, Dr.\u00aa Paula dedicou-se a explorar os limites da ci\u00eancia para entender como o ser humano pode viver de forma plena. Sua pesquisa com compostos naturais, como o \u00f3leo de pequi, focou em combater os efeitos nocivos de contaminantes ambientais, revelando seu compromisso com a preven\u00e7\u00e3o e o cuidado integral.<\/p>\n\n\n\n<p>No consult\u00f3rio, Dr.\u00aa Paula aplica sua vasta bagagem cient\u00edfica, tecnol\u00f3gica e espiritual atrav\u00e9s do <strong><a href=\"https:\/\/paulasilvaterapia.com.br\/index.php\/2024\/10\/07\/hello-world\/\" data-type=\"post\" data-id=\"1\">M\u00e9todo Telif\u00e1<\/a><\/strong>, uma abordagem que ela mesma desenvolveu ao longo de anos de pr\u00e1tica e reflex\u00f5es profundas. Inspirado nos ensinamentos crist\u00e3os e nos valores b\u00edblicos de autoconhecimento e resili\u00eancia, o <strong><a href=\"https:\/\/paulasilvaterapia.com.br\/index.php\/2024\/10\/07\/hello-world\/\" data-type=\"post\" data-id=\"1\">M\u00e9todo Telif\u00e1<\/a><\/strong> \u00e9 fundamentado em quatro verbos principais \u2014 declarar, solicitar, agir e agradecer \u2014 que guiam o cliente em uma jornada de transforma\u00e7\u00e3o interior e exterior. Dr.\u00aa Paula acredita que, se assim como ensinado pelo ap\u00f3stolo Paulo, \u201ctodas as coisas cooperam para o bem daqueles que amam a Deus\u201d (Romanos 8:28), ent\u00e3o at\u00e9 mesmo as dificuldades e as adversidades existem para extrair de cada um o que h\u00e1 de mais forte e mais precioso. Esse princ\u00edpio \u00e9 a base de sua pr\u00e1tica: ajudar cada pessoa a descobrir seus dons, superar desafios e viver de acordo com seu prop\u00f3sito.<\/p>\n\n\n\n<p>Al\u00e9m do <strong><a href=\"https:\/\/paulasilvaterapia.com.br\/index.php\/2024\/10\/07\/hello-world\/\" data-type=\"post\" data-id=\"1\">M\u00e9todo Telif\u00e1<\/a><\/strong>, Dr.\u00aa Paula utiliza outras ferramentas terap\u00eauticas transformadoras, como:<\/p>\n\n\n\n<ul class=\"wp-block-list\">\n<li><strong><a href=\"https:\/\/paulasilvaterapia.com.br\/index.php\/2024\/10\/09\/idade-biologica\/\" data-type=\"post\" data-id=\"198\">Idade Biol\u00f3gica<\/a><\/strong>: uma t\u00e9cnica que avalia a sa\u00fade f\u00edsica e mental do cliente, incentivando a ado\u00e7\u00e3o de h\u00e1bitos saud\u00e1veis. Esta t\u00e9cnica \u00e9 baseada em ci\u00eancia avan\u00e7ada e sabedoria milenar, promovendo uma verdadeira reprograma\u00e7\u00e3o de comportamentos.<\/li>\n\n\n\n<li><strong><a href=\"https:\/\/paulasilvaterapia.com.br\/index.php\/2024\/10\/09\/constelacao-familiar\/\" data-type=\"post\" data-id=\"202\">Constela\u00e7\u00e3o Familiar<\/a><\/strong>: orientada para a resolu\u00e7\u00e3o de quest\u00f5es familiares e traumas do passado, ajudando o cliente a alinhar seu presente e seu futuro com suas ra\u00edzes e valores. Inspirada no conceito que Nosso Senhor nos ensinou sobre \u201camar ao pr\u00f3ximo como a si mesmo,\u201d essa t\u00e9cnica visa reconciliar la\u00e7os e promover a paz interior.<\/li>\n\n\n\n<li><strong><a href=\"https:\/\/paulasilvaterapia.com.br\/index.php\/2024\/10\/09\/roda-da-abundancia\/\" data-type=\"post\" data-id=\"194\">Roda da Abund\u00e2ncia<\/a><\/strong>: uma ferramenta para transformar uma mentalidade de escassez em uma vis\u00e3o de abund\u00e2ncia, permitindo ao cliente reconhecer e agradecer por suas b\u00ean\u00e7\u00e3os e abrir-se para novas oportunidades.<\/li>\n\n\n\n<li><strong><a href=\"https:\/\/paulasilvaterapia.com.br\/index.php\/2024\/10\/09\/rota-da-acao\/\" data-type=\"post\" data-id=\"184\">Rota de A\u00e7\u00e3o<\/a><\/strong>: um mapa personalizado que estabelece um passo a passo concreto para o alcance dos objetivos pessoais e profissionais do cliente, garantindo uma abordagem pr\u00e1tica e determinada para a realiza\u00e7\u00e3o de sonhos e projetos de vida.<\/li>\n<\/ul>\n\n\n\n<p>Ao longo de sua carreira, Dr.\u00aa Paula tem sido uma refer\u00eancia tanto no campo cient\u00edfico quanto na pr\u00e1tica terap\u00eautica da busca pela cura interior. Ela participa de bancas de qualifica\u00e7\u00e3o e defesa de mestrado na Faculdade de Medicina da USP, al\u00e9m de dirigir minist\u00e9rios que visam restabelecer uma sa\u00fade f\u00edsica e emocional de dentro para fora, por completo. Este compromisso com a ci\u00eancia e a f\u00e9, em conjunto com sua pr\u00e1tica cl\u00ednica, proporciona aos clientes um caminho seguro e transformador, guiado pelo amor crist\u00e3o e pelo autoconhecimento.<\/p>\n\n\n\n<div class=\"wp-block-buttons is-content-justification-center is-layout-flex wp-container-core-buttons-is-layout-1 wp-block-buttons-is-layout-flex\">\n<div class=\"wp-block-button has-custom-font-size has-big-font-size\"><a class=\"wp-block-button__link has-white-color has-text-color has-link-color wp-element-button\" href=\"https:\/\/wa.me\/5511943706968?text=Cansei%20de%20perder%20tempo!%20Gostaria%20de%20iniciar%20uma%20jornada%20transformadora%20com%20a%20Dr.%C2%AA%20Paula%20Silva\"><strong>Cansei de perder tempo!<\/strong><\/a><\/div>\n<\/div>\n\n\n\n<p><\/p>\n","protected":false},"excerpt":{"rendered":"<p>Uma vida dedicada \u00e0 cura interior A obsess\u00e3o da Dr.\u00aa Paula Silva por uma vida de sa\u00fade e equil\u00edbrio \u2014 entre corpo, mente e esp\u00edrito \u2014 remonta h\u00e1 muitas d\u00e9cadas, tendo sido fruto de uma trajet\u00f3ria marcada por dedica\u00e7\u00e3o ao estudo, \u00e0 ci\u00eancia e \u00e0 f\u00e9. Formada doutora pela Faculdade de Medicina da Universidade de&#8230;<\/p>\n","protected":false},"author":1,"featured_media":34,"parent":0,"menu_order":0,"comment_status":"closed","ping_status":"open","template":"","meta":{"footnotes":""},"class_list":["post-2","page","type-page","status-publish","has-post-thumbnail","hentry"],"_links":{"self":[{"href":"https:\/\/paulasilvaterapia.com.br\/index.php\/wp-json\/wp\/v2\/pages\/2"}],"collection":[{"href":"https:\/\/paulasilvaterapia.com.br\/index.php\/wp-json\/wp\/v2\/pages"}],"about":[{"href":"https:\/\/paulasilvaterapia.com.br\/index.php\/wp-json\/wp\/v2\/types\/page"}],"author":[{"embeddable":true,"href":"https:\/\/paulasilvaterapia.com.br\/index.php\/wp-json\/wp\/v2\/users\/1"}],"replies":[{"embeddable":true,"href":"https:\/\/paulasilvaterapia.com.br\/index.php\/wp-json\/wp\/v2\/comments?post=2"}],"version-history":[{"count":14,"href":"https:\/\/paulasilvaterapia.com.br\/index.php\/wp-json\/wp\/v2\/pages\/2\/revisions"}],"predecessor-version":[{"id":444,"href":"https:\/\/paulasilvaterapia.com.br\/index.php\/wp-json\/wp\/v2\/pages\/2\/revisions\/444"}],"wp:featuredmedia":[{"embeddable":true,"href":"https:\/\/paulasilvaterapia.com.br\/index.php\/wp-json\/wp\/v2\/media\/34"}],"wp:attachment":[{"href":"https:\/\/paulasilvaterapia.com.br\/index.php\/wp-json\/wp\/v2\/media?parent=2"}],"curies":[{"name":"wp","href":"https:\/\/api.w.org\/{rel}","templated":true}]}}