{"id":108,"date":"2024-10-08T22:09:31","date_gmt":"2024-10-09T01:09:31","guid":{"rendered":"http:\/\/164.152.48.16\/?page_id=108"},"modified":"2024-10-27T16:01:59","modified_gmt":"2024-10-27T19:01:59","slug":"servicos","status":"publish","type":"page","link":"https:\/\/paulasilvaterapia.com.br\/index.php\/servicos\/","title":{"rendered":"Minhas T\u00e9cnicas"},"content":{"rendered":"\n<main class=\"wp-block-group is-layout-constrained wp-container-core-group-is-layout-19 wp-block-group-is-layout-constrained\" style=\"border-top-style:none;border-top-width:0px;border-bottom-style:none;border-bottom-width:0px;margin-top:0;margin-bottom:0\">\n<div class=\"wp-block-columns is-layout-flex wp-container-core-columns-is-layout-1 wp-block-columns-is-layout-flex\">\n<div class=\"wp-block-column is-layout-flow wp-block-column-is-layout-flow\">\n<p class=\"has-text-align-center has-custom-blue-color has-text-color has-link-color has-work-sans-font-family has-xxx-large-font-size wp-elements-b9324931df8068c04e9fa306f7169bb0\" style=\"margin-top:var(--wp--preset--spacing--40);margin-bottom:0\"><strong>Terapias breves<\/strong><\/p>\n\n\n\n<p class=\"has-text-align-center has-custom-blue-color has-text-color has-link-color has-work-sans-font-family has-xxx-large-font-size wp-elements-07dbf104e7c3efa19603c1bca894bd10\" style=\"margin-top:0;margin-bottom:var(--wp--preset--spacing--50)\"><strong>para <mark style=\"background-color:#efa286\" class=\"has-inline-color has-custom-blue-color\">resultados r\u00e1pidos<\/mark><\/strong><\/p>\n<\/div>\n<\/div>\n\n\n\n<div class=\"wp-block-group is-layout-constrained wp-container-core-group-is-layout-18 wp-block-group-is-layout-constrained\" style=\"margin-top:0;margin-bottom:0;padding-top:0;padding-right:var(--wp--preset--spacing--50);padding-bottom:var(--wp--preset--spacing--70);padding-left:var(--wp--preset--spacing--50)\">\n<div class=\"wp-block-group is-layout-grid wp-container-core-group-is-layout-17 wp-block-group-is-layout-grid\">\n<div class=\"wp-block-group is-nowrap is-layout-flex wp-container-core-group-is-layout-3 wp-block-group-is-layout-flex\">\n<div class=\"wp-block-group is-nowrap is-layout-flex wp-container-core-group-is-layout-2 wp-block-group-is-layout-flex\">\n<div class=\"wp-block-group is-vertical is-content-justification-center is-layout-flex wp-container-core-group-is-layout-1 wp-block-group-is-layout-flex\" style=\"margin-top:0;margin-bottom:0;padding-top:0;padding-right:0;padding-bottom:0;padding-left:0\">\n<figure class=\"wp-block-image size-full is-resized\"><a href=\"https:\/\/paulasilvaterapia.com.br\/index.php\/2024\/10\/07\/hello-world\/\"><img loading=\"lazy\" decoding=\"async\" width=\"1024\" height=\"1024\" src=\"https:\/\/paulasilvaterapia.com.br\/wp-content\/uploads\/2024\/10\/DALL\u00b7E-2024-10-08-10.21.32-An-image-representing-the-Metodo-Telifa-technique-in-a-therapeutic-setting.-The-scene-includes-a-therapist-guiding-a-client-through-a-journey-of-sel.webp\" alt=\"\" class=\"wp-image-54\" srcset=\"https:\/\/paulasilvaterapia.com.br\/wp-content\/uploads\/2024\/10\/DALL\u00b7E-2024-10-08-10.21.32-An-image-representing-the-Metodo-Telifa-technique-in-a-therapeutic-setting.-The-scene-includes-a-therapist-guiding-a-client-through-a-journey-of-sel.webp 1024w, https:\/\/paulasilvaterapia.com.br\/wp-content\/uploads\/2024\/10\/DALL\u00b7E-2024-10-08-10.21.32-An-image-representing-the-Metodo-Telifa-technique-in-a-therapeutic-setting.-The-scene-includes-a-therapist-guiding-a-client-through-a-journey-of-sel-300x300.webp 300w, https:\/\/paulasilvaterapia.com.br\/wp-content\/uploads\/2024\/10\/DALL\u00b7E-2024-10-08-10.21.32-An-image-representing-the-Metodo-Telifa-technique-in-a-therapeutic-setting.-The-scene-includes-a-therapist-guiding-a-client-through-a-journey-of-sel-150x150.webp 150w, https:\/\/paulasilvaterapia.com.br\/wp-content\/uploads\/2024\/10\/DALL\u00b7E-2024-10-08-10.21.32-An-image-representing-the-Metodo-Telifa-technique-in-a-therapeutic-setting.-The-scene-includes-a-therapist-guiding-a-client-through-a-journey-of-sel-768x768.webp 768w\" sizes=\"(max-width: 1024px) 100vw, 1024px\" \/><\/a><figcaption class=\"wp-element-caption\"><strong>M\u00e9todo Telif\u00e1<\/strong><\/figcaption><\/figure>\n\n\n\n<p class=\"has-text-align-center\">Combinando anos de experi\u00eancia e foco no equil\u00edbrio entre mente, corpo e esp\u00edrito para promover mudan\u00e7as profundas e duradouras.<\/p>\n\n\n\n<div style=\"height:0px\" aria-hidden=\"true\" class=\"wp-block-spacer wp-container-content-2\"><\/div>\n\n\n\n<div class=\"wp-block-buttons is-layout-flex wp-block-buttons-is-layout-flex\">\n<div class=\"wp-block-button is-style-fill\"><a class=\"wp-block-button__link has-custom-blue-background-color has-background has-text-align-center wp-element-button\" href=\"https:\/\/paulasilvaterapia.com.br\/index.php\/2024\/10\/07\/hello-world\/\">Conhecer mais<\/a><\/div>\n<\/div>\n<\/div>\n<\/div>\n<\/div>\n\n\n\n<div class=\"wp-block-group is-nowrap is-layout-flex wp-container-core-group-is-layout-6 wp-block-group-is-layout-flex\">\n<div class=\"wp-block-group is-nowrap is-layout-flex wp-container-core-group-is-layout-5 wp-block-group-is-layout-flex\">\n<div class=\"wp-block-group is-vertical is-content-justification-center is-layout-flex wp-container-core-group-is-layout-4 wp-block-group-is-layout-flex\" style=\"margin-top:0;margin-bottom:0;padding-top:0;padding-right:0;padding-bottom:0;padding-left:0\">\n<figure class=\"wp-block-image size-full is-resized is-style-sky-enterprise-image-hover-pulse\"><a href=\"https:\/\/paulasilvaterapia.com.br\/index.php\/2024\/10\/09\/ikigai\/\"><img loading=\"lazy\" decoding=\"async\" width=\"1080\" height=\"1080\" src=\"https:\/\/paulasilvaterapia.com.br\/wp-content\/uploads\/2024\/10\/Ikigai.gif\" alt=\"\" class=\"wp-image-297\" style=\"aspect-ratio:1;object-fit:cover\"\/><\/a><figcaption class=\"wp-element-caption\"><strong>Ikigai<\/strong><\/figcaption><\/figure>\n\n\n\n<p class=\"has-text-align-center\">Descubra seu prop\u00f3sito e alinhe paix\u00f5es, talentos e valores para uma vida plena, produtiva e repleta de significado.<\/p>\n\n\n\n<div style=\"height:0px\" aria-hidden=\"true\" class=\"wp-block-spacer wp-container-content-5\"><\/div>\n\n\n\n<div class=\"wp-block-buttons is-content-justification-center is-layout-flex wp-container-core-buttons-is-layout-2 wp-block-buttons-is-layout-flex\">\n<div class=\"wp-block-button is-style-fill\"><a class=\"wp-block-button__link has-custom-blue-background-color has-background has-text-align-center wp-element-button\" href=\"https:\/\/paulasilvaterapia.com.br\/index.php\/2024\/10\/09\/ikigai\/\">Conhecer mais<\/a><\/div>\n<\/div>\n<\/div>\n<\/div>\n<\/div>\n\n\n\n<div class=\"wp-block-group is-nowrap is-layout-flex wp-container-core-group-is-layout-10 wp-block-group-is-layout-flex\">\n<div class=\"wp-block-group is-nowrap is-layout-flex wp-container-core-group-is-layout-9 wp-block-group-is-layout-flex\">\n<div class=\"wp-block-group is-nowrap is-layout-flex wp-container-core-group-is-layout-8 wp-block-group-is-layout-flex\">\n<div class=\"wp-block-group is-vertical is-content-justification-center is-layout-flex wp-container-core-group-is-layout-7 wp-block-group-is-layout-flex\" style=\"margin-top:0;margin-bottom:0;padding-top:0;padding-right:0;padding-bottom:0;padding-left:0\">\n<figure class=\"wp-block-image size-full is-resized is-style-sky-enterprise-image-hover-pulse\"><img loading=\"lazy\" decoding=\"async\" width=\"1080\" height=\"1080\" src=\"https:\/\/paulasilvaterapia.com.br\/wp-content\/uploads\/2024\/10\/Roda-da-Abundancia.png\" alt=\"\" class=\"wp-image-299\" style=\"aspect-ratio:1;object-fit:cover\" srcset=\"https:\/\/paulasilvaterapia.com.br\/wp-content\/uploads\/2024\/10\/Roda-da-Abundancia.png 1080w, https:\/\/paulasilvaterapia.com.br\/wp-content\/uploads\/2024\/10\/Roda-da-Abundancia-300x300.png 300w, https:\/\/paulasilvaterapia.com.br\/wp-content\/uploads\/2024\/10\/Roda-da-Abundancia-1024x1024.png 1024w, https:\/\/paulasilvaterapia.com.br\/wp-content\/uploads\/2024\/10\/Roda-da-Abundancia-150x150.png 150w, https:\/\/paulasilvaterapia.com.br\/wp-content\/uploads\/2024\/10\/Roda-da-Abundancia-768x768.png 768w\" sizes=\"(max-width: 1080px) 100vw, 1080px\" \/><figcaption class=\"wp-element-caption\"><strong>Roda da Abund\u00e2ncia<\/strong><\/figcaption><\/figure>\n\n\n\n<p class=\"has-text-align-center\">Desperte abund\u00e2ncia em todas as \u00e1reas da sua vida. Conecte-se com seu potencial e e alcan\u00e7e prosperidade, sa\u00fade e bem-estar.<\/p>\n\n\n\n<div style=\"height:0px\" aria-hidden=\"true\" class=\"wp-block-spacer wp-container-content-8\"><\/div>\n\n\n\n<div class=\"wp-block-buttons is-layout-flex wp-block-buttons-is-layout-flex\">\n<div class=\"wp-block-button is-style-fill\"><a class=\"wp-block-button__link has-custom-blue-background-color has-background has-text-align-center wp-element-button\" href=\"https:\/\/paulasilvaterapia.com.br\/index.php\/2024\/10\/09\/roda-da-abundancia\/\">Conhecer mais<\/a><\/div>\n<\/div>\n<\/div>\n<\/div>\n<\/div>\n<\/div>\n\n\n\n<div class=\"wp-block-group is-nowrap is-layout-flex wp-container-core-group-is-layout-12 wp-block-group-is-layout-flex\">\n<div class=\"wp-block-group is-vertical is-content-justification-center is-layout-flex wp-container-core-group-is-layout-11 wp-block-group-is-layout-flex\" style=\"margin-top:0;margin-bottom:0;padding-top:0;padding-right:0;padding-bottom:0;padding-left:0\">\n<figure class=\"wp-block-image size-full is-resized\"><a href=\"https:\/\/paulasilvaterapia.com.br\/index.php\/2024\/10\/09\/rota-da-acao\/\"><img loading=\"lazy\" decoding=\"async\" width=\"1080\" height=\"1080\" src=\"https:\/\/paulasilvaterapia.com.br\/wp-content\/uploads\/2024\/10\/ROTa-da-acao-VOCE-NO-CONTROLE.png\" alt=\"\" class=\"wp-image-302\" srcset=\"https:\/\/paulasilvaterapia.com.br\/wp-content\/uploads\/2024\/10\/ROTa-da-acao-VOCE-NO-CONTROLE.png 1080w, https:\/\/paulasilvaterapia.com.br\/wp-content\/uploads\/2024\/10\/ROTa-da-acao-VOCE-NO-CONTROLE-300x300.png 300w, https:\/\/paulasilvaterapia.com.br\/wp-content\/uploads\/2024\/10\/ROTa-da-acao-VOCE-NO-CONTROLE-1024x1024.png 1024w, https:\/\/paulasilvaterapia.com.br\/wp-content\/uploads\/2024\/10\/ROTa-da-acao-VOCE-NO-CONTROLE-150x150.png 150w, https:\/\/paulasilvaterapia.com.br\/wp-content\/uploads\/2024\/10\/ROTa-da-acao-VOCE-NO-CONTROLE-768x768.png 768w\" sizes=\"(max-width: 1080px) 100vw, 1080px\" \/><\/a><figcaption class=\"wp-element-caption\"><strong>Rota da A\u00e7\u00e3o<\/strong><\/figcaption><\/figure>\n\n\n\n<p class=\"has-text-align-center\">Trace seu caminho de transforma\u00e7\u00e3o pessoal com clareza e foco, com passos concretos para alcan\u00e7ar o sucesso merecido.<\/p>\n\n\n\n<div style=\"height:0px\" aria-hidden=\"true\" class=\"wp-block-spacer wp-container-content-11\"><\/div>\n\n\n\n<div class=\"wp-block-buttons is-layout-flex wp-block-buttons-is-layout-flex\">\n<div class=\"wp-block-button is-style-fill\"><a class=\"wp-block-button__link has-custom-blue-background-color has-background has-text-align-center wp-element-button\" href=\"https:\/\/paulasilvaterapia.com.br\/index.php\/2024\/10\/09\/rota-da-acao\/\">Conhecer mais<\/a><\/div>\n<\/div>\n<\/div>\n<\/div>\n\n\n\n<div class=\"wp-block-group is-nowrap is-layout-flex wp-container-core-group-is-layout-15 wp-block-group-is-layout-flex\">\n<div class=\"wp-block-group is-nowrap is-layout-flex wp-container-core-group-is-layout-14 wp-block-group-is-layout-flex\">\n<div class=\"wp-block-group is-vertical is-content-justification-center is-layout-flex wp-container-core-group-is-layout-13 wp-block-group-is-layout-flex\" style=\"margin-top:0;margin-bottom:0;padding-top:0;padding-right:0;padding-bottom:0;padding-left:0\">\n<figure class=\"wp-block-image size-full is-resized is-style-sky-enterprise-image-hover-pulse\"><a href=\"https:\/\/paulasilvaterapia.com.br\/index.php\/2024\/10\/09\/idade-biologica\/\"><img loading=\"lazy\" decoding=\"async\" width=\"1024\" height=\"1024\" src=\"https:\/\/paulasilvaterapia.com.br\/wp-content\/uploads\/2024\/10\/DALL\u00b7E-2024-10-08-10.07.23-A-1_1-image-representing-Biological-Age-Therapy-in-a-serene-and-professional-setting.-A-mature-person-is-seated-comfortably-with-a-compassionate-the.webp\" alt=\"\" class=\"wp-image-51\" style=\"aspect-ratio:1;object-fit:cover\" srcset=\"https:\/\/paulasilvaterapia.com.br\/wp-content\/uploads\/2024\/10\/DALL\u00b7E-2024-10-08-10.07.23-A-1_1-image-representing-Biological-Age-Therapy-in-a-serene-and-professional-setting.-A-mature-person-is-seated-comfortably-with-a-compassionate-the.webp 1024w, https:\/\/paulasilvaterapia.com.br\/wp-content\/uploads\/2024\/10\/DALL\u00b7E-2024-10-08-10.07.23-A-1_1-image-representing-Biological-Age-Therapy-in-a-serene-and-professional-setting.-A-mature-person-is-seated-comfortably-with-a-compassionate-the-300x300.webp 300w, https:\/\/paulasilvaterapia.com.br\/wp-content\/uploads\/2024\/10\/DALL\u00b7E-2024-10-08-10.07.23-A-1_1-image-representing-Biological-Age-Therapy-in-a-serene-and-professional-setting.-A-mature-person-is-seated-comfortably-with-a-compassionate-the-150x150.webp 150w, https:\/\/paulasilvaterapia.com.br\/wp-content\/uploads\/2024\/10\/DALL\u00b7E-2024-10-08-10.07.23-A-1_1-image-representing-Biological-Age-Therapy-in-a-serene-and-professional-setting.-A-mature-person-is-seated-comfortably-with-a-compassionate-the-768x768.webp 768w\" sizes=\"(max-width: 1024px) 100vw, 1024px\" \/><\/a><figcaption class=\"wp-element-caption\"><strong>Idade Biol\u00f3gica<\/strong><\/figcaption><\/figure>\n\n\n\n<p class=\"has-text-align-center\">Avalie a idade real do seu corpo, revelando sa\u00fade e vitalidade. Rejuvenes\u00e7a corpo e mente para ter mais plenitude de vida.<\/p>\n\n\n\n<div style=\"height:0px\" aria-hidden=\"true\" class=\"wp-block-spacer wp-container-content-15\"><\/div>\n\n\n\n<div class=\"wp-block-buttons is-content-justification-center is-layout-flex wp-container-core-buttons-is-layout-5 wp-block-buttons-is-layout-flex\">\n<div class=\"wp-block-button is-style-fill\"><a class=\"wp-block-button__link has-custom-blue-background-color has-background has-text-align-center wp-element-button\" href=\"https:\/\/paulasilvaterapia.com.br\/index.php\/2024\/10\/09\/idade-biologica\/\">Conhecer mais<\/a><\/div>\n<\/div>\n<\/div>\n<\/div>\n<\/div>\n\n\n\n<div class=\"wp-block-group is-vertical is-content-justification-center is-layout-flex wp-container-core-group-is-layout-16 wp-block-group-is-layout-flex\" style=\"margin-top:0;margin-bottom:0;padding-top:0;padding-right:0;padding-bottom:0;padding-left:0\">\n<figure class=\"wp-block-image size-full is-resized is-style-sky-enterprise-image-hover-pulse\"><a href=\"https:\/\/paulasilvaterapia.com.br\/index.php\/2024\/10\/09\/constelacao-familiar\/\"><img loading=\"lazy\" decoding=\"async\" width=\"1024\" height=\"1024\" src=\"https:\/\/paulasilvaterapia.com.br\/wp-content\/uploads\/2024\/10\/constelacao-1.webp\" alt=\"\" class=\"wp-image-48\" style=\"aspect-ratio:1;object-fit:cover\" srcset=\"https:\/\/paulasilvaterapia.com.br\/wp-content\/uploads\/2024\/10\/constelacao-1.webp 1024w, https:\/\/paulasilvaterapia.com.br\/wp-content\/uploads\/2024\/10\/constelacao-1-300x300.webp 300w, https:\/\/paulasilvaterapia.com.br\/wp-content\/uploads\/2024\/10\/constelacao-1-150x150.webp 150w, https:\/\/paulasilvaterapia.com.br\/wp-content\/uploads\/2024\/10\/constelacao-1-768x768.webp 768w\" sizes=\"(max-width: 1024px) 100vw, 1024px\" \/><\/a><figcaption class=\"wp-element-caption\"><strong>Constela\u00e7\u00e3o Familiar<\/strong><\/figcaption><\/figure>\n\n\n\n<p class=\"has-text-align-center\">Encontre a cura de padr\u00f5es familiares e equil\u00edbrio nas rela\u00e7\u00f5es, promovendo harmonia e leveza na sua vida.<\/p>\n\n\n\n<div style=\"height:0px\" aria-hidden=\"true\" class=\"wp-block-spacer wp-container-content-18\"><\/div>\n\n\n\n<div class=\"wp-block-buttons is-content-justification-center is-layout-flex wp-container-core-buttons-is-layout-6 wp-block-buttons-is-layout-flex\">\n<div class=\"wp-block-button is-style-fill\"><a class=\"wp-block-button__link has-custom-blue-background-color has-background has-text-align-center wp-element-button\" href=\"https:\/\/paulasilvaterapia.com.br\/index.php\/2024\/10\/09\/constelacao-familiar\/\">Conhecer mais<\/a><\/div>\n<\/div>\n<\/div>\n<\/div>\n<\/div>\n<\/main>\n\n\n\n<div class=\"wp-block-media-text is-stacked-on-mobile is-vertically-aligned-center\" style=\"grid-template-columns:36% auto\"><figure class=\"wp-block-media-text__media\"><img loading=\"lazy\" decoding=\"async\" width=\"800\" height=\"800\" src=\"https:\/\/paulasilvaterapia.com.br\/wp-content\/uploads\/2024\/10\/logo-1.jpg\" alt=\"\" class=\"wp-image-71 size-full\" srcset=\"https:\/\/paulasilvaterapia.com.br\/wp-content\/uploads\/2024\/10\/logo-1.jpg 800w, https:\/\/paulasilvaterapia.com.br\/wp-content\/uploads\/2024\/10\/logo-1-300x300.jpg 300w, https:\/\/paulasilvaterapia.com.br\/wp-content\/uploads\/2024\/10\/logo-1-150x150.jpg 150w, https:\/\/paulasilvaterapia.com.br\/wp-content\/uploads\/2024\/10\/logo-1-768x768.jpg 768w\" sizes=\"(max-width: 800px) 100vw, 800px\" \/><\/figure><div class=\"wp-block-media-text__content\">\n<p class=\"has-large-font-size\">N\u00e3o espere mais para transformar sua vida. Com o apoio e a <em>expertise <\/em>da Dr.\u1d43. Paula Silva, voc\u00ea pode desbloquear seu potencial e alcan\u00e7ar equil\u00edbrio e bem-estar. Comece sua jornada rumo a uma vida completa.<\/p>\n\n\n\n<div class=\"wp-block-buttons is-content-justification-center is-layout-flex wp-container-core-buttons-is-layout-7 wp-block-buttons-is-layout-flex\">\n<div class=\"wp-block-button\"><a class=\"wp-block-button__link has-white-color has-text-color has-link-color has-text-align-center wp-element-button\" href=\"https:\/\/wa.me\/5511943706968?text=Estou%20pronto%20para%20desbloquear%20meu%20potencial%20e%20viver%20com%20plenitude\"><strong>Consulte a Dra. Paula hoje<\/strong><\/a><\/div>\n<\/div>\n<\/div><\/div>\n","protected":false},"excerpt":{"rendered":"<p>Terapias breves para resultados r\u00e1pidos Combinando anos de experi\u00eancia e foco no equil\u00edbrio entre mente, corpo e esp\u00edrito para promover mudan\u00e7as profundas e duradouras. Descubra seu prop\u00f3sito e alinhe paix\u00f5es, talentos e valores para uma vida plena, produtiva e repleta de significado. Desperte abund\u00e2ncia em todas as \u00e1reas da sua vida. Conecte-se com seu potencial&#8230;<\/p>\n","protected":false},"author":1,"featured_media":0,"parent":0,"menu_order":0,"comment_status":"closed","ping_status":"closed","template":"","meta":{"footnotes":""},"class_list":["post-108","page","type-page","status-publish","hentry"],"_links":{"self":[{"href":"https:\/\/paulasilvaterapia.com.br\/index.php\/wp-json\/wp\/v2\/pages\/108"}],"collection":[{"href":"https:\/\/paulasilvaterapia.com.br\/index.php\/wp-json\/wp\/v2\/pages"}],"about":[{"href":"https:\/\/paulasilvaterapia.com.br\/index.php\/wp-json\/wp\/v2\/types\/page"}],"author":[{"embeddable":true,"href":"https:\/\/paulasilvaterapia.com.br\/index.php\/wp-json\/wp\/v2\/users\/1"}],"replies":[{"embeddable":true,"href":"https:\/\/paulasilvaterapia.com.br\/index.php\/wp-json\/wp\/v2\/comments?post=108"}],"version-history":[{"count":17,"href":"https:\/\/paulasilvaterapia.com.br\/index.php\/wp-json\/wp\/v2\/pages\/108\/revisions"}],"predecessor-version":[{"id":414,"href":"https:\/\/paulasilvaterapia.com.br\/index.php\/wp-json\/wp\/v2\/pages\/108\/revisions\/414"}],"wp:attachment":[{"href":"https:\/\/paulasilvaterapia.com.br\/index.php\/wp-json\/wp\/v2\/media?parent=108"}],"curies":[{"name":"wp","href":"https:\/\/api.w.org\/{rel}","templated":true}]}}